{"id":11,"date":"2018-03-14T11:52:14","date_gmt":"2018-03-14T10:52:14","guid":{"rendered":"https:\/\/1stevent.shop\/versand__lieferung\/"},"modified":"2018-07-09T08:30:05","modified_gmt":"2018-07-09T06:30:05","slug":"versand__lieferung","status":"publish","type":"page","link":"https:\/\/1stevent.shop\/?page_id=11","title":{"rendered":"Versand &#038; Lieferung"},"content":{"rendered":"<p>[vc_row][vc_column][vc_column_text]<strong>Preise, Versandkosten und Lieferinformationen:<\/strong><\/p>\n<p>Die auf den Produktseiten genannten Preise enthalten die gesetzliche Mehrwertsteuer und sonstige Preisbestandteile.<\/p>\n<p>Wir liefern nur innerhalb \u00d6sterreichs, Deutschlands und der Schweiz.<\/p>\n<p>F\u00fcr digitale Inhalte (Onlinetickets) fallen keine Versandkosten an.<\/p>\n<p>[\/vc_column_text][vc_custom_heading text=&#8220;Wir bieten folgende Versandmethoden an&#8220; font_container=&#8220;tag:h1|text_align:left&#8220; google_fonts=&#8220;font_family:Raleway%3A100%2C200%2C300%2Cregular%2C500%2C600%2C700%2C800%2C900|font_style:400%20regular%3A400%3Anormal&#8220; css=&#8220;.vc_custom_1467018703329{padding-top: 50px !important;}&#8220;][\/vc_column][\/vc_row][vc_row][vc_column width=&#8220;1\/2&#8243;][vc_custom_heading text=&#8220;Versandart&#8220; google_fonts=&#8220;font_family:Raleway%3A100%2C200%2C300%2Cregular%2C500%2C600%2C700%2C800%2C900|font_style:400%20regular%3A400%3Anormal&#8220; css=&#8220;.vc_custom_1467018575701{padding-bottom: 50px !important;}&#8220;][vc_column_text css=&#8220;.vc_custom_1467018614993{padding-left: 50px !important;}&#8220;]<strong>Kein Versand &#8211; Ticket per E-Mail<\/strong>[\/vc_column_text][\/vc_column][vc_column width=&#8220;1\/2&#8243;][vc_custom_heading text=&#8220;Erkl\u00e4rung&#8220; google_fonts=&#8220;font_family:Raleway%3A100%2C200%2C300%2Cregular%2C500%2C600%2C700%2C800%2C900|font_style:400%20regular%3A400%3Anormal&#8220; css=&#8220;.vc_custom_1467018570301{padding-bottom: 50px !important;}&#8220;][vc_column_text]Ticket wird per E-Mail zugestellt[\/vc_column_text][\/vc_column][\/vc_row][vc_row][vc_column width=&#8220;1\/2&#8243;][vc_column_text css=&#8220;.vc_custom_1467018623851{padding-left: 50px !important;}&#8220;]<strong>Tischreservierungen ohne Markenkauf<\/strong>[\/vc_column_text][\/vc_column][vc_column width=&#8220;1\/2&#8243;][vc_column_text]Bitte w\u00e4hlen sie diese Option wenn sie nur eine Tischreservierung im Festzelt (ohne Markenkauf) vornehmen.[\/vc_column_text][\/vc_column][\/vc_row][vc_row][vc_column width=&#8220;1\/2&#8243;][vc_column_text css=&#8220;.vc_custom_1467018634570{padding-left: 50px !important;}&#8220;]<strong>Konsumationsmarkenabholung im B\u00fcro in Pichling nach vorheriger Terminvereinbarung<\/strong>[\/vc_column_text][\/vc_column][vc_column width=&#8220;1\/2&#8243;][vc_column_text]Die Abholung in unserem B\u00fcro in Pichling ist gerne nach vorheriger Terminvereinbarung unter 0732\/774277 m\u00f6glich. Zu Ihrer eigenen Sicherheit ist eine Markenabholung nur unter Vorlage der Rechnung und nach Kopie ihres Lichtbildausweises m\u00f6glich![\/vc_column_text][\/vc_column][\/vc_row][vc_row][vc_column width=&#8220;1\/2&#8243;][vc_column_text css=&#8220;.vc_custom_1467018642955{padding-left: 50px !important;}&#8220;]<strong>Konsumationsmarkenabholung vor Ort im Markenb\u00fcro<\/strong>[\/vc_column_text][\/vc_column][vc_column width=&#8220;1\/2&#8243;][vc_column_text]Abholung im Markenb\u00fcro vor Ort direkt im &#8222;Da Wirt 4sFest&#8220; Festzelt . (\u00d6ffnungszeiten Markenb\u00fcro Tel. 0732 774277. Bitte beachten Sie, dass es in Ausnahmef\u00e4llen bei gro\u00dfem Ansturm &#8211; speziell am Abend &#8211; zu Wartezeiten kommen kann. Wir empfehlen daher eine Abholung Ihrer bestellten Marken bereits tags\u00fcber. Zu Ihrer eigenen Sicherheit ist eine Markenabholung nur unter Vorlage der Rechnung und nach Kopie ihres Lichtbildausweises m\u00f6glich!)[\/vc_column_text][\/vc_column][\/vc_row][vc_row][vc_column width=&#8220;1\/2&#8243;][vc_column_text css=&#8220;.vc_custom_1467018652888{padding-left: 50px !important;}&#8220;]<strong>Reservierungen Donaualm<\/strong>[\/vc_column_text][\/vc_column][vc_column width=&#8220;1\/2&#8243;][vc_column_text]Bitte w\u00e4hlen sie diese Option nur f\u00fcr Reservierungen in der Donaualm. Mit der Bezahlung des Rechnungsbetrages ist ihre Reservierung garantiert gebucht. Sie erhalten die n\u00f6tigen Eintrittsb\u00e4nder am Abend ihrer Reservierung direkt vor der Donaualm am &#8222;Check-In&#8220;.[\/vc_column_text][\/vc_column][\/vc_row]<\/p>\n","protected":false},"excerpt":{"rendered":"<p>[vc_row][vc_column][vc_column_text]Preise, Versandkosten und Lieferinformationen: Die auf den Produktseiten genannten Preise enthalten die gesetzliche Mehrwertsteuer und sonstige Preisbestandteile. Wir liefern nur innerhalb \u00d6sterreichs, Deutschlands und der Schweiz. F\u00fcr digitale Inhalte (Onlinetickets) fallen keine Versandkosten an. [\/vc_column_text][vc_custom_heading text=&#8220;Wir bieten folgende Versandmethoden an&#8220; font_container=&#8220;tag:h1|text_align:left&#8220; google_fonts=&#8220;font_family:Raleway%3A100%2C200%2C300%2Cregular%2C500%2C600%2C700%2C800%2C900|font_style:400%20regular%3A400%3Anormal&#8220; css=&#8220;.vc_custom_1467018703329{padding-top: 50px !important;}&#8220;][\/vc_column][\/vc_row][vc_row][vc_column width=&#8220;1\/2&#8243;][vc_custom_heading text=&#8220;Versandart&#8220; google_fonts=&#8220;font_family:Raleway%3A100%2C200%2C300%2Cregular%2C500%2C600%2C700%2C800%2C900|font_style:400%20regular%3A400%3Anormal&#8220; css=&#8220;.vc_custom_1467018575701{padding-bottom: 50px !important;}&#8220;][vc_column_text css=&#8220;.vc_custom_1467018614993{padding-left: 50px !important;}&#8220;]Kein Versand [&hellip;]<\/p>\n","protected":false},"author":1,"featured_media":0,"parent":0,"menu_order":0,"comment_status":"closed","ping_status":"closed","template":"","meta":{"footnotes":""},"class_list":["post-11","page","type-page","status-publish","hentry"],"_links":{"self":[{"href":"https:\/\/1stevent.shop\/index.php?rest_route=\/wp\/v2\/pages\/11","targetHints":{"allow":["GET"]}}],"collection":[{"href":"https:\/\/1stevent.shop\/index.php?rest_route=\/wp\/v2\/pages"}],"about":[{"href":"https:\/\/1stevent.shop\/index.php?rest_route=\/wp\/v2\/types\/page"}],"author":[{"embeddable":true,"href":"https:\/\/1stevent.shop\/index.php?rest_route=\/wp\/v2\/users\/1"}],"replies":[{"embeddable":true,"href":"https:\/\/1stevent.shop\/index.php?rest_route=%2Fwp%2Fv2%2Fcomments&post=11"}],"version-history":[{"count":1,"href":"https:\/\/1stevent.shop\/index.php?rest_route=\/wp\/v2\/pages\/11\/revisions"}],"predecessor-version":[{"id":71,"href":"https:\/\/1stevent.shop\/index.php?rest_route=\/wp\/v2\/pages\/11\/revisions\/71"}],"wp:attachment":[{"href":"https:\/\/1stevent.shop\/index.php?rest_route=%2Fwp%2Fv2%2Fmedia&parent=11"}],"curies":[{"name":"wp","href":"https:\/\/api.w.org\/{rel}","templated":true}]}}