{"id":15,"date":"2018-03-14T11:52:15","date_gmt":"2018-03-14T10:52:15","guid":{"rendered":"https:\/\/1stevent.shop\/zahlungsweisen\/"},"modified":"2018-07-09T08:31:51","modified_gmt":"2018-07-09T06:31:51","slug":"zahlungsweisen","status":"publish","type":"page","link":"https:\/\/1stevent.shop\/?page_id=15","title":{"rendered":"Zahlungsweisen"},"content":{"rendered":"<p><strong>Zahlungsarten<\/strong><\/p>\n<p>Wir bieten Ihnen folgende Zahlungsarten an. Suchen Sie sich einfach die f\u00fcr Sie optimale Zahlart aus. Die Versandkosten sind teilweise abh\u00e4ngig von der gew\u00e4hlten Zahlungsart. Die in den jeweiligen Angeboten angef\u00fchrten Preise stellen Endpreise dar. Sie beinhalten alle Preisbestandteile einschlie\u00dflich etwaig anfallender Steuern wie Mehrwertsteuer. Nur bei grenz\u00fcberschreitender Lieferung k\u00f6nnen im Einzelfall weitere Steuern (z.B. im Falle eines innergemeinschaftlichen Erwerbs) und\/oder Abgaben (z.B. Z\u00f6lle) von Ihnen zu zahlen sein, jedoch nicht an den Verk\u00e4ufer, sondern an die dort zust\u00e4ndigen Zoll- bzw. Steuerbeh\u00f6rden. Die anfallenden Liefer- und Versandkosten sind nicht im Kaufpreis enthalten, sie sind \u00fcber die Seite \u201eVersandkosten\u201c aufrufbar, werden im Laufe des Bestellvorganges gesondert ausgewiesen und sind von Ihnen zus\u00e4tzlich zu tragen.<\/p>\n<p><em>Nachnahme<\/em><\/p>\n<p>Bitte halten Sie den Rechnungsbetrag bereit; der Zusteller kassiert bei Lieferung in bar (keine Schecks). Bei Nachnahme fallen zus\u00e4tzlich 6,50 EUR Nachnahmegeb\u00fchren an, die direkt an den Paketzusteller zu entrichten sind.<\/p>\n<p><em>Lastschrift<\/em><\/p>\n<p>Wir ziehen den Rechnungsbetrag Ihrer Bestellung von Ihrem hinterlegten Bankkonto nach der get\u00e4tigten Bestellung ein. (Plus 2 Euro Geb\u00fchr)<\/p>\n<p><em>Auf Rechnung<\/em><br \/>\nEinfach bestellen und im Anschlu\u00df erst bezahlen. (Plus 2 Euro Geb\u00fchr)<\/p>\n<p><em>Kreditkarte<\/em><\/p>\n<p>Zahlen Sie ganz einfach per Visa oder Mastercard Kreditkarte.<\/p>\n<p><em>PayPal<\/em><\/p>\n<p>Noch sicherer und schnell bezahlen mit ihrem PayPal-Konto.<\/p>\n<p><em>Vorkasse<\/em><\/p>\n<p>Bitte \u00fcberweisen Sie den Gesamtbetrag Ihrer Bestellung auf unser Konto:<\/p>\n<p>Kontoinhaber:\u00a0St\u00fctzner GmbH &amp;\u00a0Co\u00a0KG<br \/>\nKonto: Sparkasse H\u00f6rsching<br \/>\nBIC: ASPKAT2LXXX<br \/>\nIBAN: AT82 2032 0321 0033 6168<\/p>\n<p><em>Barzahlung<\/em><\/p>\n<p>Bestellen Sie online und holen Sie Ihre Bestellung bei uns im Laden einfach ab:<\/p>\n<p>1ST | Event Catering<br \/>\nSt\u00fctzner GmbH &amp; Co KG<br \/>\nHumerstrasse 20<br \/>\n4063 H\u00f6rsching<\/p>\n","protected":false},"excerpt":{"rendered":"<p>Zahlungsarten Wir bieten Ihnen folgende Zahlungsarten an. Suchen Sie sich einfach die f\u00fcr Sie optimale Zahlart aus. Die Versandkosten sind teilweise abh\u00e4ngig von der gew\u00e4hlten Zahlungsart. Die in den jeweiligen Angeboten angef\u00fchrten Preise stellen Endpreise dar. Sie beinhalten alle Preisbestandteile einschlie\u00dflich etwaig anfallender Steuern wie Mehrwertsteuer. Nur bei grenz\u00fcberschreitender Lieferung k\u00f6nnen im Einzelfall weitere Steuern [&hellip;]<\/p>\n","protected":false},"author":1,"featured_media":0,"parent":0,"menu_order":0,"comment_status":"closed","ping_status":"closed","template":"","meta":{"footnotes":""},"class_list":["post-15","page","type-page","status-publish","hentry"],"_links":{"self":[{"href":"https:\/\/1stevent.shop\/index.php?rest_route=\/wp\/v2\/pages\/15","targetHints":{"allow":["GET"]}}],"collection":[{"href":"https:\/\/1stevent.shop\/index.php?rest_route=\/wp\/v2\/pages"}],"about":[{"href":"https:\/\/1stevent.shop\/index.php?rest_route=\/wp\/v2\/types\/page"}],"author":[{"embeddable":true,"href":"https:\/\/1stevent.shop\/index.php?rest_route=\/wp\/v2\/users\/1"}],"replies":[{"embeddable":true,"href":"https:\/\/1stevent.shop\/index.php?rest_route=%2Fwp%2Fv2%2Fcomments&post=15"}],"version-history":[{"count":1,"href":"https:\/\/1stevent.shop\/index.php?rest_route=\/wp\/v2\/pages\/15\/revisions"}],"predecessor-version":[{"id":74,"href":"https:\/\/1stevent.shop\/index.php?rest_route=\/wp\/v2\/pages\/15\/revisions\/74"}],"wp:attachment":[{"href":"https:\/\/1stevent.shop\/index.php?rest_route=%2Fwp%2Fv2%2Fmedia&parent=15"}],"curies":[{"name":"wp","href":"https:\/\/api.w.org\/{rel}","templated":true}]}}