{"id":69,"date":"2018-07-09T08:29:38","date_gmt":"2018-07-09T06:29:38","guid":{"rendered":"https:\/\/1stevent.shop\/?page_id=69"},"modified":"2022-03-01T05:37:22","modified_gmt":"2022-03-01T04:37:22","slug":"kontakt","status":"publish","type":"page","link":"https:\/\/1stevent.shop\/?page_id=69","title":{"rendered":"Kontakt"},"content":{"rendered":"\t\t<div data-elementor-type=\"wp-page\" data-elementor-id=\"69\" class=\"elementor elementor-69\" data-elementor-post-type=\"page\">\n\t\t\t\t\t\t<section class=\"xts-negative-gap elementor-section elementor-top-section elementor-element elementor-element-53df66e8 elementor-section-boxed elementor-section-height-default elementor-section-height-default xts-section-disabled\" data-id=\"53df66e8\" data-element_type=\"section\" data-e-type=\"section\">\n\t\t\t\t\t\t<div class=\"elementor-container elementor-column-gap-default\">\n\t\t\t\t\t<div class=\"elementor-column elementor-col-100 elementor-top-column elementor-element elementor-element-1732cad5\" data-id=\"1732cad5\" data-element_type=\"column\" data-e-type=\"column\">\n\t\t\t<div class=\"elementor-widget-wrap elementor-element-populated\">\n\t\t\t\t\t\t<div class=\"elementor-element elementor-element-6f63bddb xts-width-100 elementor-widget elementor-widget-xts_google_map\" data-id=\"6f63bddb\" data-element_type=\"widget\" data-e-type=\"widget\" data-widget_type=\"xts_google_map.default\">\n\t\t\t\t<div class=\"elementor-widget-container\">\n\t\t\t\t\t\t\t\t<div class=\"xts-map\" data-map-args='{&quot;latitude&quot;:&quot;48.29279&quot;,&quot;longitude&quot;:&quot;14.27582&quot;,&quot;zoom&quot;:13,&quot;mouse_zoom&quot;:&quot;no&quot;,&quot;json_style&quot;:&quot;&quot;,&quot;marker_icon&quot;:&quot;https:\\\/\\\/1stevent.shop\\\/wp-content\\\/themes\\\/1stevent\\\/framework\\\/assets\\\/images\\\/elementor\\\/google-map\\\/default-marker.png&quot;,&quot;marker_text_needed&quot;:&quot;no&quot;,&quot;marker_text&quot;:&quot;&lt;h3&gt;&lt;\\\/h3&gt;&quot;,&quot;selector&quot;:&quot;xts-map-id-69dfcd5d4dfe6&quot;,&quot;default_ui&quot;:false,&quot;lazy_type&quot;:&quot;page_load&quot;}'>\n\t\t\t\t<div id=\"xts-map-id-69dfcd5d4dfe6\" class=\"xts-map-layout xts-fill\"><\/div>\n\n\t\t\t\t\t\t\t\t\t<div class=\"xts-map-container container xts-fill xts-items-center xts-justify-start\">\n\t\t\t\t\t\t<div class=\"xts-map-content xts-opened\">\n\t\t\t\t\t\t\t<div class=\"xts-map-close\"><\/div>\n\n\t\t\t\t\t\t\t\t\t\t\t\t\t\t\t<div class=\"xts-map-desc xts-reset-all-last xts-reset-mb-10\" data-elementor-setting-key=\"text\">\n\t\t\t\t\t\t\t\t\t<p>St\u00fctzner Gmbh &amp; Co KG<br \/>Standort Tips Arena<br \/>Ziegeleistra\u00dfe 76, 4020 Linz<br \/>+43 7221 74550<\/p>\t\t\t\t\t\t\t\t<\/div>\n\t\t\t\t\t\t\t\t\t\t\t\t\t<\/div>\n\t\t\t\t\t<\/div>\n\t\t\t\t\n\t\t\t\t\t\t\t<\/div>\n\t\t\t\t\t\t<\/div>\n\t\t\t\t<\/div>\n\t\t\t\t\t<\/div>\n\t\t<\/div>\n\t\t\t\t\t<\/div>\n\t\t<\/section>\n\t\t\t\t<section class=\"xts-negative-gap elementor-section elementor-top-section elementor-element elementor-element-31d6213e elementor-section-content-middle elementor-section-boxed elementor-section-height-default elementor-section-height-default xts-section-disabled\" data-id=\"31d6213e\" data-element_type=\"section\" data-e-type=\"section\">\n\t\t\t\t\t\t<div class=\"elementor-container elementor-column-gap-default\">\n\t\t\t\t\t<div class=\"elementor-column elementor-col-50 elementor-top-column elementor-element elementor-element-7cf29f52\" data-id=\"7cf29f52\" data-element_type=\"column\" data-e-type=\"column\">\n\t\t\t<div class=\"elementor-widget-wrap elementor-element-populated\">\n\t\t\t\t\t\t<div class=\"elementor-element elementor-element-1f9c84bd elementor-widget elementor-widget-xts_infobox\" data-id=\"1f9c84bd\" data-element_type=\"widget\" data-e-type=\"widget\" data-widget_type=\"xts_infobox.default\">\n\t\t\t\t<div class=\"elementor-widget-container\">\n\t\t\t\t\t\n\t\t<div class=\"xts-infobox xts-textalign-left xts-icon-side xts-items-start\" onclick=\"\">\n\t\t\t\t\t\t\t<div class=\"xts-box-icon-wrapper\">\n\t\t\t\t\t<div class=\"xts-box-icon xts-type-icon xts-size-m\">\n\t\t\t\t\t\t<i class=\"far fa-address-card\"><\/i>\t\t\t\t\t<\/div>\n\t\t\t\t<\/div>\n\t\t\t\n\t\t\t<div class=\"xts-box-content xts-reset-mb-10 xts-reset-all-last\">\n\t\t\t\t\t\t\t\t\t<div class=\"xts-box-subtitle xts-fontsize-s\" data-elementor-setting-key=\"subtitle\">\n\t\t\t\t\t\tKontakt\t\t\t\t\t<\/div>\n\t\t\t\t\n\t\t\t\t\t\t\t\t\t<h4 class=\"xts-box-title title xts-fontsize-m\" data-elementor-setting-key=\"title\">\n\t\t\t\t\t\tSt\u00fctzner Gmbh &amp; Co KG\t\t\t\t\t<\/h4>\n\t\t\t\t\n\t\t\t\t\t\t\t\t\t<div class=\"xts-box-desc\" data-elementor-setting-key=\"description\">\n\t\t\t\t\t\tKontaktieren Sie uns bei Fragen zu Ihrer Tischreservierung\t\t\t\t\t<\/div>\n\t\t\t\t\n\t\t\t\t\t\t\t<\/div>\n\n\t\t\t\t\t\t\t<div class=\"xts-box-overlay xts-fill\"><\/div>\n\t\t\t\t\t<\/div>\n\n\t\t\t\t\t\t<\/div>\n\t\t\t\t<\/div>\n\t\t\t\t\t<\/div>\n\t\t<\/div>\n\t\t\t\t<div class=\"elementor-column elementor-col-50 elementor-top-column elementor-element elementor-element-2306090a\" data-id=\"2306090a\" data-element_type=\"column\" data-e-type=\"column\">\n\t\t\t<div class=\"elementor-widget-wrap elementor-element-populated\">\n\t\t\t\t\t\t<div class=\"elementor-element elementor-element-1dde61a7 xts-width-100 elementor-widget elementor-widget-xts_title\" data-id=\"1dde61a7\" data-element_type=\"widget\" data-e-type=\"widget\" data-widget_type=\"xts_title.default\">\n\t\t\t\t<div class=\"elementor-widget-container\">\n\t\t\t\t\t\t\t\t<div class=\"xts-section-heading xts-reset-mb-10 xts-reset-last xts-textalign-left\" data-animation-delay=\"\">\n\t\t\t\t\n\t\t\t\t\t\t\t\t\t<h4 class=\"xts-section-title title xts-design-default xts-fontsize-m\">\n\t\t\t\t\t\t<span class=\"xts-section-title-text\" data-elementor-setting-key=\"title\">\n\t\t\t\t\t\t\tSt\u00fctzner Gmbh &amp; Co KG\t\t\t\t\t\t<\/span>\n\n\t\t\t\t\t\t\t\t\t\t\t<\/h4>\n\t\t\t\t\n\t\t\t\t\n\t\t\t\t\t\t\t<\/div>\n\t\t\t\t\t\t<\/div>\n\t\t\t\t<\/div>\n\t\t\t\t<div class=\"elementor-element elementor-element-11b91a3d elementor-widget__width-initial xts-scheme-inherit xts-textalign-inherit elementor-widget elementor-widget-text-editor\" data-id=\"11b91a3d\" data-element_type=\"widget\" data-e-type=\"widget\" data-widget_type=\"text-editor.default\">\n\t\t\t\t<div class=\"elementor-widget-container\">\n\t\t\t\t\t\t\t\t\t<p>Adresse:<\/p>\t\t\t\t\t\t\t\t<\/div>\n\t\t\t\t<\/div>\n\t\t\t\t<div class=\"elementor-element elementor-element-21f62729 elementor-widget__width-initial xts-scheme-inherit xts-textalign-inherit elementor-widget elementor-widget-text-editor\" data-id=\"21f62729\" data-element_type=\"widget\" data-e-type=\"widget\" data-widget_type=\"text-editor.default\">\n\t\t\t\t<div class=\"elementor-widget-container\">\n\t\t\t\t\t\t\t\t\t<p>Humerstrasse 20, 4063 H\u00f6rsching<\/p>\t\t\t\t\t\t\t\t<\/div>\n\t\t\t\t<\/div>\n\t\t\t\t<div class=\"elementor-element elementor-element-6f1cb534 elementor-widget__width-initial xts-scheme-inherit xts-textalign-inherit elementor-widget elementor-widget-text-editor\" data-id=\"6f1cb534\" data-element_type=\"widget\" data-e-type=\"widget\" data-widget_type=\"text-editor.default\">\n\t\t\t\t<div class=\"elementor-widget-container\">\n\t\t\t\t\t\t\t\t\t<p>Telefon:<\/p>\t\t\t\t\t\t\t\t<\/div>\n\t\t\t\t<\/div>\n\t\t\t\t<div class=\"elementor-element elementor-element-1958f76e elementor-widget__width-initial xts-scheme-inherit xts-textalign-inherit elementor-widget elementor-widget-text-editor\" data-id=\"1958f76e\" data-element_type=\"widget\" data-e-type=\"widget\" data-widget_type=\"text-editor.default\">\n\t\t\t\t<div class=\"elementor-widget-container\">\n\t\t\t\t\t\t\t\t\t<p>+43 7221 74550<\/p>\t\t\t\t\t\t\t\t<\/div>\n\t\t\t\t<\/div>\n\t\t\t\t<div class=\"elementor-element elementor-element-6cef91c2 elementor-widget__width-initial xts-scheme-inherit xts-textalign-inherit elementor-widget elementor-widget-text-editor\" data-id=\"6cef91c2\" data-element_type=\"widget\" data-e-type=\"widget\" data-widget_type=\"text-editor.default\">\n\t\t\t\t<div class=\"elementor-widget-container\">\n\t\t\t\t\t\t\t\t\t<p>E-Mail:<\/p>\t\t\t\t\t\t\t\t<\/div>\n\t\t\t\t<\/div>\n\t\t\t\t<div class=\"elementor-element elementor-element-64ae1a32 elementor-widget__width-initial xts-scheme-inherit xts-textalign-inherit elementor-widget elementor-widget-text-editor\" data-id=\"64ae1a32\" data-element_type=\"widget\" data-e-type=\"widget\" data-widget_type=\"text-editor.default\">\n\t\t\t\t<div class=\"elementor-widget-container\">\n\t\t\t\t\t\t\t\t\t<p>shop@1st-event.at<\/p>\t\t\t\t\t\t\t\t<\/div>\n\t\t\t\t<\/div>\n\t\t\t\t<div class=\"elementor-element elementor-element-6bba13ce elementor-widget__width-initial xts-scheme-inherit xts-textalign-inherit elementor-widget elementor-widget-text-editor\" data-id=\"6bba13ce\" data-element_type=\"widget\" data-e-type=\"widget\" data-widget_type=\"text-editor.default\">\n\t\t\t\t<div class=\"elementor-widget-container\">\n\t\t\t\t\t\t\t\t\t<p>Firmenbuchnummer:<\/p>\t\t\t\t\t\t\t\t<\/div>\n\t\t\t\t<\/div>\n\t\t\t\t<div class=\"elementor-element elementor-element-2070a8b4 elementor-widget__width-initial xts-scheme-inherit xts-textalign-inherit elementor-widget elementor-widget-text-editor\" data-id=\"2070a8b4\" data-element_type=\"widget\" data-e-type=\"widget\" data-widget_type=\"text-editor.default\">\n\t\t\t\t<div class=\"elementor-widget-container\">\n\t\t\t\t\t\t\t\t\t<p>FN 208755v<\/p>\t\t\t\t\t\t\t\t<\/div>\n\t\t\t\t<\/div>\n\t\t\t\t<div class=\"elementor-element elementor-element-42457210 elementor-widget__width-initial xts-scheme-inherit xts-textalign-inherit elementor-widget elementor-widget-text-editor\" data-id=\"42457210\" data-element_type=\"widget\" data-e-type=\"widget\" data-widget_type=\"text-editor.default\">\n\t\t\t\t<div class=\"elementor-widget-container\">\n\t\t\t\t\t\t\t\t\t<p>UID-Nummer:<\/p>\t\t\t\t\t\t\t\t<\/div>\n\t\t\t\t<\/div>\n\t\t\t\t<div class=\"elementor-element elementor-element-1ded5f98 elementor-widget__width-initial xts-scheme-inherit xts-textalign-inherit elementor-widget elementor-widget-text-editor\" data-id=\"1ded5f98\" data-element_type=\"widget\" data-e-type=\"widget\" data-widget_type=\"text-editor.default\">\n\t\t\t\t<div class=\"elementor-widget-container\">\n\t\t\t\t\t\t\t\t\t<p>ATU 54923301<\/p>\t\t\t\t\t\t\t\t<\/div>\n\t\t\t\t<\/div>\n\t\t\t\t\t<\/div>\n\t\t<\/div>\n\t\t\t\t\t<\/div>\n\t\t<\/section>\n\t\t\t\t<section class=\"xts-negative-gap elementor-section elementor-top-section elementor-element elementor-element-644be88e elementor-section-boxed elementor-section-height-default elementor-section-height-default xts-section-disabled\" data-id=\"644be88e\" data-element_type=\"section\" data-e-type=\"section\">\n\t\t\t\t\t\t<div class=\"elementor-container elementor-column-gap-wide\">\n\t\t\t\t\t<div class=\"elementor-column elementor-col-50 elementor-top-column elementor-element elementor-element-114e50f6\" data-id=\"114e50f6\" data-element_type=\"column\" data-e-type=\"column\">\n\t\t\t<div class=\"elementor-widget-wrap elementor-element-populated\">\n\t\t\t\t\t\t<div class=\"elementor-element elementor-element-12b0d9b6 xts-width-100 elementor-widget elementor-widget-xts_title\" data-id=\"12b0d9b6\" data-element_type=\"widget\" data-e-type=\"widget\" data-widget_type=\"xts_title.default\">\n\t\t\t\t<div class=\"elementor-widget-container\">\n\t\t\t\t\t\t\t\t<div class=\"xts-section-heading xts-reset-mb-10 xts-reset-last xts-textalign-left\" data-animation-delay=\"\">\n\t\t\t\t\t\t\t\t\t<div class=\"xts-section-subtitle xts-fontsize-s\">\n\t\t\t\t\t\t<span class=\"xts-section-subtitle-text\" data-elementor-setting-key=\"subtitle\">\n\t\t\t\t\t\t\tBitte f\u00fcllen Sie das Formular vollst\u00e4ndig aus.\t\t\t\t\t\t<\/span>\n\n\t\t\t\t\t\t\t\t\t\t\t<\/div>\n\t\t\t\t\n\t\t\t\t\t\t\t\t\t<h4 class=\"xts-section-title title xts-design-default xts-fontsize-xl\">\n\t\t\t\t\t\t<span class=\"xts-section-title-text\" data-elementor-setting-key=\"title\">\n\t\t\t\t\t\t\tSchreiben Sie uns\t\t\t\t\t\t<\/span>\n\n\t\t\t\t\t\t\t\t\t\t\t<\/h4>\n\t\t\t\t\n\t\t\t\t\n\t\t\t\t\t\t\t<\/div>\n\t\t\t\t\t\t<\/div>\n\t\t\t\t<\/div>\n\t\t\t\t<div class=\"elementor-element elementor-element-36e69306 elementor-widget elementor-widget-shortcode\" data-id=\"36e69306\" data-element_type=\"widget\" data-e-type=\"widget\" data-widget_type=\"shortcode.default\">\n\t\t\t\t<div class=\"elementor-widget-container\">\n\t\t\t\t\t\t\t<div class=\"elementor-shortcode\">[NEXForms id=\"1\"]<\/div>\n\t\t\t\t\t\t<\/div>\n\t\t\t\t<\/div>\n\t\t\t\t\t<\/div>\n\t\t<\/div>\n\t\t\t\t<div class=\"elementor-column elementor-col-50 elementor-top-column elementor-element elementor-element-2a71811\" data-id=\"2a71811\" data-element_type=\"column\" data-e-type=\"column\">\n\t\t\t<div class=\"elementor-widget-wrap elementor-element-populated\">\n\t\t\t\t\t\t<div class=\"elementor-element elementor-element-6d4318ce elementor-widget elementor-widget-html\" data-id=\"6d4318ce\" data-element_type=\"widget\" data-e-type=\"widget\" data-widget_type=\"html.default\">\n\t\t\t\t<div class=\"elementor-widget-container\">\n\t\t\t\t\tDesign und Umsetzung:<br>\n<a href=\"https:\/\/des19n.at\" target=\"_blank\" rel=\"noopener noreferrer\">des19n.at<\/a>\t\t\t\t<\/div>\n\t\t\t\t<\/div>\n\t\t\t\t<div class=\"elementor-element elementor-element-3e743dea elementor-widget elementor-widget-html\" data-id=\"3e743dea\" data-element_type=\"widget\" data-e-type=\"widget\" data-widget_type=\"html.default\">\n\t\t\t\t<div class=\"elementor-widget-container\">\n\t\t\t\t\tWebhost:<br>\nPilz M. IT-Dienstleistungen<br>\n<a href=\"http:\/\/www.mpilz.at\" target=\"_blank\" rel=\"noopener noreferrer\">www.mpilz.at<\/a>\t\t\t\t<\/div>\n\t\t\t\t<\/div>\n\t\t\t\t\t<\/div>\n\t\t<\/div>\n\t\t\t\t\t<\/div>\n\t\t<\/section>\n\t\t\t\t<\/div>\n\t\t","protected":false},"excerpt":{"rendered":"<p>&#8222;,&#8220;selector&#8220;:&#8220;xts-map-id-621da3024ea7b&#8220;,&#8220;default_ui&#8220;:false,&#8220;lazy_type&#8220;:&#8220;page_load&#8220;}&#8217;> St\u00fctzner Gmbh &amp; Co KGStandort Tips ArenaZiegeleistra\u00dfe 76, 4020 Linz+43 7221 74550 Kontakt St\u00fctzner Gmbh &amp; Co KG Kontaktieren Sie uns bei Fragen zu Ihrer Tischreservierung St\u00fctzner Gmbh &amp; Co KG Adresse: Humerstrasse 20, 4063 H\u00f6rsching Telefon: +43 7221 74550 E-Mail: shop@1st-event.at Firmenbuchnummer: FN 208755v UID-Nummer: ATU 54923301 Bitte f\u00fcllen Sie das Formular vollst\u00e4ndig [&hellip;]<\/p>\n","protected":false},"author":1,"featured_media":0,"parent":0,"menu_order":0,"comment_status":"closed","ping_status":"closed","template":"","meta":{"footnotes":""},"class_list":["post-69","page","type-page","status-publish","hentry"],"_links":{"self":[{"href":"https:\/\/1stevent.shop\/index.php?rest_route=\/wp\/v2\/pages\/69","targetHints":{"allow":["GET"]}}],"collection":[{"href":"https:\/\/1stevent.shop\/index.php?rest_route=\/wp\/v2\/pages"}],"about":[{"href":"https:\/\/1stevent.shop\/index.php?rest_route=\/wp\/v2\/types\/page"}],"author":[{"embeddable":true,"href":"https:\/\/1stevent.shop\/index.php?rest_route=\/wp\/v2\/users\/1"}],"replies":[{"embeddable":true,"href":"https:\/\/1stevent.shop\/index.php?rest_route=%2Fwp%2Fv2%2Fcomments&post=69"}],"version-history":[{"count":7,"href":"https:\/\/1stevent.shop\/index.php?rest_route=\/wp\/v2\/pages\/69\/revisions"}],"predecessor-version":[{"id":3302,"href":"https:\/\/1stevent.shop\/index.php?rest_route=\/wp\/v2\/pages\/69\/revisions\/3302"}],"wp:attachment":[{"href":"https:\/\/1stevent.shop\/index.php?rest_route=%2Fwp%2Fv2%2Fmedia&parent=69"}],"curies":[{"name":"wp","href":"https:\/\/api.w.org\/{rel}","templated":true}]}}